{"id":2624,"date":"2024-12-02T12:50:43","date_gmt":"2024-12-02T11:50:43","guid":{"rendered":"https:\/\/www.tremenda.cat\/?page_id=2624"},"modified":"2025-01-14T11:41:40","modified_gmt":"2025-01-14T10:41:40","slug":"avis-legal","status":"publish","type":"page","link":"https:\/\/www.tremenda.cat\/es\/avis-legal\/","title":{"rendered":"Aviso legal"},"content":{"rendered":"<div data-elementor-type=\"wp-page\" data-elementor-id=\"2624\" class=\"elementor elementor-2624\" data-elementor-post-type=\"page\">\n\t\t\t\t<div class=\"elementor-element elementor-element-7c4fc23 e-flex e-con-boxed e-con e-parent\" data-id=\"7c4fc23\" data-element_type=\"container\" data-e-type=\"container\" data-settings=\"{&quot;background_background&quot;:&quot;classic&quot;}\">\n\t\t\t\t\t<div class=\"e-con-inner\">\n\t\t\t\t<div class=\"elementor-element elementor-element-c602dc8 elementor-invisible elementor-widget elementor-widget-heading\" data-id=\"c602dc8\" data-element_type=\"widget\" data-e-type=\"widget\" data-settings=\"{&quot;_animation&quot;:&quot;fadeInUp&quot;}\" data-widget_type=\"heading.default\">\n\t\t\t\t<div class=\"elementor-widget-container\">\n\t\t\t\t\t<h1 class=\"elementor-heading-title elementor-size-default\">Aviso Legal<\/h1>\t\t\t\t<\/div>\n\t\t\t\t<\/div>\n\t\t\t\t<div class=\"elementor-element elementor-element-6366fd4 animated-slow elementor-invisible elementor-widget elementor-widget-text-editor\" data-id=\"6366fd4\" data-element_type=\"widget\" data-e-type=\"widget\" data-settings=\"{&quot;_animation&quot;:&quot;fadeInUp&quot;}\" data-widget_type=\"text-editor.default\">\n\t\t\t\t<div class=\"elementor-widget-container\">\n\t\t\t\t\t\t\t\t\t<p><strong>Aviso Legal<\/strong><\/p><p>Bienvenidos a la p\u00e1gina web de la agencia de comunicaci\u00f3n la Tremenda. En cumplimiento de las leyes vigentes sobre protecci\u00f3n de datos, propiedad intelectual y comercio electr\u00f3nico, a continuaci\u00f3n os informamos sobre las condiciones de uso y las responsabilidades derivadas del uso de nuestro sitio web.<\/p><p>El titular del sitio web es La Tremenda SCCL, con NIF F67156497 y domicilio social en c\/ Sant Pere M\u00e9s Baix 7 (3\u00aa planta) 08003 Barcelona. Para cualquier consulta o comunicaci\u00f3n, puede ponerse en contacto con nosotros a trav\u00e9s del correo electr\u00f3nico <a href=\"mailto:hola@latremenda.coop\">hola@latremenda.coop<\/a>.<\/p><p><strong>Condiciones de uso<\/strong><\/p><p>El acceso y uso de este sitio web supone la aceptaci\u00f3n plena de las siguientes condiciones de uso:<\/p><p>\u2013 El usuario se compromete a utilizar el sitio web de acuerdo con la ley, la moral, el orden p\u00fablico y los derechos de propiedad intelectual e industrial de la Tremenda y de terceros.<\/p><p>\u2013 El usuario debe respetar en todo momento los derechos de propiedad intelectual, industrial y cualquier otro derecho que corresponda al contenido del sitio web.<\/p><p>\u2013 Queda estrictamente prohibido cualquier uso del sitio web con fines il\u00edcitos o que pueda perjudicar los derechos o intereses de la Tremenda o de terceros.<\/p><p><strong>Propiedad intelectual <\/strong><\/p><p>Todos los contenidos de este sitio web (textos, dise\u00f1os, logotipos, im\u00e1genes, gr\u00e1ficos, v\u00eddeos, software, etc.) son propiedad de la Tremenda o de terceros que han cedido los derechos de uso. Los derechos de propiedad intelectual sobre estos contenidos est\u00e1n protegidos por la legislaci\u00f3n vigente.<\/p><p>Queda prohibida la reproducci\u00f3n, distribuci\u00f3n, comunicaci\u00f3n p\u00fablica, transformaci\u00f3n o cualquier otra forma de explotaci\u00f3n de los contenidos del sitio web sin la autorizaci\u00f3n previa y por escrito de la Tremenda.<\/p>\t\t\t\t\t\t\t\t<\/div>\n\t\t\t\t<\/div>\n\t\t\t\t\t<\/div>\n\t\t\t\t<\/div>\n\t\t\t\t<\/div>","protected":false},"excerpt":{"rendered":"<p>Av\u00eds Legal Av\u00eds Legal Benvinguts a la p\u00e0gina web de l&#8217;ag\u00e8ncia de comunicaci\u00f3 la Tremenda. En compliment de les lleis vigents sobre protecci\u00f3 de dades, propietat intel\u00b7lectual i comer\u00e7 electr\u00f2nic, a continuaci\u00f3 us informem sobre les condicions d&#8217;\u00fas i les responsabilitats derivades de l&#8217;\u00fas del nostre lloc web. El titular del lloc web \u00e9s La [&hellip;]<\/p>\n","protected":false},"author":1,"featured_media":0,"parent":0,"menu_order":0,"comment_status":"closed","ping_status":"closed","template":"","meta":{"_acf_changed":false,"footnotes":""},"class_list":["post-2624","page","type-page","status-publish","hentry"],"acf":[],"_links":{"self":[{"href":"https:\/\/www.tremenda.cat\/es\/wp-json\/wp\/v2\/pages\/2624","targetHints":{"allow":["GET"]}}],"collection":[{"href":"https:\/\/www.tremenda.cat\/es\/wp-json\/wp\/v2\/pages"}],"about":[{"href":"https:\/\/www.tremenda.cat\/es\/wp-json\/wp\/v2\/types\/page"}],"author":[{"embeddable":true,"href":"https:\/\/www.tremenda.cat\/es\/wp-json\/wp\/v2\/users\/1"}],"replies":[{"embeddable":true,"href":"https:\/\/www.tremenda.cat\/es\/wp-json\/wp\/v2\/comments?post=2624"}],"version-history":[{"count":13,"href":"https:\/\/www.tremenda.cat\/es\/wp-json\/wp\/v2\/pages\/2624\/revisions"}],"predecessor-version":[{"id":3909,"href":"https:\/\/www.tremenda.cat\/es\/wp-json\/wp\/v2\/pages\/2624\/revisions\/3909"}],"wp:attachment":[{"href":"https:\/\/www.tremenda.cat\/es\/wp-json\/wp\/v2\/media?parent=2624"}],"curies":[{"name":"wp","href":"https:\/\/api.w.org\/{rel}","templated":true}]}}