{"id":2630,"date":"2024-12-02T12:51:39","date_gmt":"2024-12-02T11:51:39","guid":{"rendered":"https:\/\/www.tremenda.cat\/?page_id=2630"},"modified":"2025-02-14T13:22:14","modified_gmt":"2025-02-14T12:22:14","slug":"politica-de-cookies","status":"publish","type":"page","link":"https:\/\/www.tremenda.cat\/es\/politica-de-cookies\/","title":{"rendered":"Pol\u00edtica de cookies"},"content":{"rendered":"<div data-elementor-type=\"wp-page\" data-elementor-id=\"2630\" class=\"elementor elementor-2630\" data-elementor-post-type=\"page\">\n\t\t\t\t<div class=\"elementor-element elementor-element-dc6aebe e-flex e-con-boxed e-con e-parent\" data-id=\"dc6aebe\" data-element_type=\"container\" data-e-type=\"container\" data-settings=\"{&quot;background_background&quot;:&quot;classic&quot;}\">\n\t\t\t\t\t<div class=\"e-con-inner\">\n\t\t\t\t<div class=\"elementor-element elementor-element-3a93b7b elementor-invisible elementor-widget elementor-widget-heading\" data-id=\"3a93b7b\" data-element_type=\"widget\" data-e-type=\"widget\" data-settings=\"{&quot;_animation&quot;:&quot;fadeInUp&quot;}\" data-widget_type=\"heading.default\">\n\t\t\t\t<div class=\"elementor-widget-container\">\n\t\t\t\t\t<h1 class=\"elementor-heading-title elementor-size-default\">POL\u00cdTICA DE COOKIES<\/h1>\t\t\t\t<\/div>\n\t\t\t\t<\/div>\n\t\t\t\t<div class=\"elementor-element elementor-element-fd2620e animated-slow elementor-invisible elementor-widget elementor-widget-text-editor\" data-id=\"fd2620e\" data-element_type=\"widget\" data-e-type=\"widget\" data-settings=\"{&quot;_animation&quot;:&quot;fadeInUp&quot;}\" data-widget_type=\"text-editor.default\">\n\t\t\t\t<div class=\"elementor-widget-container\">\n\t\t\t\t\t\t\t\t\t<p><strong>Pol\u00edtica de cookies<\/strong><\/p><p>En la Tremenda, respetamos tu privacidad y nos comprometemos a proteger tu informaci\u00f3n personal. Esta pol\u00edtica de cookies tiene como objetivo explicarte c\u00f3mo utilizamos las cookies y otras tecnolog\u00edas de seguimiento en nuestra p\u00e1gina web, as\u00ed como tus opciones para gestionarlas.<\/p><p><strong>1. \u00bfQu\u00e9 son las cookies?<\/strong><\/p><p>Las cookies son peque\u00f1os archivos de texto que se descargan en tu dispositivo (ordenador, m\u00f3vil, etc.) cuando accedes a una p\u00e1gina web. Estas cookies permiten que el sitio web reconozca tu dispositivo y registre informaci\u00f3n sobre tu visita, como tus preferencias o tus acciones en la p\u00e1gina. Esto nos ayuda a mejorar la experiencia del usuario y personalizar nuestros servicios.<\/p><p><strong>2. Tipos de cookies que utilizamos<\/strong><\/p><p>En la Tremenda utilizamos diferentes tipos de cookies con fines espec\u00edficos:<\/p><p>\u2013 Cookies t\u00e9cnicas: Estas son necesarias para el buen funcionamiento de nuestra p\u00e1gina web, como la navegaci\u00f3n entre p\u00e1ginas o la selecci\u00f3n de idioma.<\/p><p>\u2013 Cookies de preferencias: Nos ayudan a recordar las preferencias que has seleccionado (como el idioma o la regi\u00f3n) para personalizar tu experiencia.<\/p><p>\u2013 Cookies de an\u00e1lisis: Estas nos permiten recopilar informaci\u00f3n de forma an\u00f3nima sobre c\u00f3mo los usuarios interact\u00faan con nuestro sitio web (por ejemplo, n\u00famero de visitas, p\u00e1ginas visitadas, tiempo de permanencia) para mejorar el rendimiento y el contenido de la web.<\/p><p><span style=\"text-decoration: underline;\"><span class=\"hiddenGrammarError\">Cookies<\/span>\u00a0utilitzades en aquest lloc web:<\/span><\/p>\t\t\t\t\t\t\t\t<\/div>\n\t\t\t\t<\/div>\n\t\t\t\t<div class=\"elementor-element elementor-element-93e5478 elementor-invisible elementor-widget elementor-widget-html\" data-id=\"93e5478\" data-element_type=\"widget\" data-e-type=\"widget\" data-settings=\"{&quot;_animation&quot;:&quot;fadeInUp&quot;}\" data-widget_type=\"html.default\">\n\t\t\t\t<div class=\"elementor-widget-container\">\n\t\t\t\t\t<div class= \"cky-audit-table-element\"><\/div>\t\t\t\t<\/div>\n\t\t\t\t<\/div>\n\t\t\t\t<div class=\"elementor-element elementor-element-a481b48 animated-slow elementor-invisible elementor-widget elementor-widget-text-editor\" data-id=\"a481b48\" data-element_type=\"widget\" data-e-type=\"widget\" data-settings=\"{&quot;_animation&quot;:&quot;fadeInUp&quot;}\" data-widget_type=\"text-editor.default\">\n\t\t\t\t<div class=\"elementor-widget-container\">\n\t\t\t\t\t\t\t\t\t<p><strong>3. \u00bfC\u00f3mo gestionamos las cookies?<\/strong><\/p><p>Cuando accedes a nuestra p\u00e1gina web por primera vez, te informamos sobre el uso de cookies mediante una ventana emergente. Podr\u00e1s aceptar el uso de todas las cookies o configurar tus preferencias para aceptar solo ciertos tipos de cookies.<\/p><p>Si en cualquier momento deseas gestionar o retirar tu consentimiento sobre el uso de cookies, puedes modificar la configuraci\u00f3n de tu navegador. Las opciones para gestionar las cookies var\u00edan dependiendo del navegador que utilices, pero generalmente puedes encontrarlas en el men\u00fa de configuraci\u00f3n de privacidad o seguridad del navegador.<\/p><p>A continuaci\u00f3n, te indicamos los enlaces donde puedes obtener m\u00e1s informaci\u00f3n sobre c\u00f3mo gestionar las cookies en los navegadores m\u00e1s utilizados:<\/p><p>&#8211; <a href=\"https:\/\/support.google.com\/chrome\/answer\/95647?hl=ca&amp;co=GENIE.Platform%3DDesktop\" target=\"_blank\" rel=\"noopener\">Google Chrome<\/a><\/p><p>&#8211; <a href=\"https:\/\/support.mozilla.org\/ca\/kb\/gestionar-les-cookies\" target=\"_blank\" rel=\"noopener\">Mozilla Firefox<\/a><\/p><p>&#8211; <a href=\"https:\/\/support.microsoft.com\/ca-es\/microsoft-edge\/gestionar-les-cookies-en-microsoft-edge-9d202c7f-44be-43d3-ae1e-4bfb6f399fd6\" target=\"_blank\" rel=\"noopener\">Microsoft Edge<\/a><\/p><p>&#8211; <a href=\"https:\/\/support.apple.com\/ca-es\/guide\/safari\/sfri11471\/mac\" target=\"_blank\" rel=\"noopener\">Safari<\/a><\/p><p><strong>4. \u00bfC\u00f3mo utilizamos la informaci\u00f3n recopilada por las cookies?<\/strong><\/p><p>La informaci\u00f3n recopilada mediante las cookies se utiliza exclusivamente para mejorar tu experiencia de usuario y para analizar el uso de nuestro sitio web. Esta informaci\u00f3n no se comparte con terceros, excepto en los casos en los que sea necesario para cumplir con las leyes aplicables o para utilizar servicios de terceros con los que tengamos acuerdos (como herramientas de an\u00e1lisis o publicidad).<\/p><p><strong>5. \u00bfC\u00f3mo eliminar las cookies?<\/strong><\/p><p>Si no deseas que las cookies se guarden en tu dispositivo, puedes configurar tu navegador para bloquearlas o eliminarlas en cualquier momento. Sin embargo, ten en cuenta que si desactivas las cookies t\u00e9cnicas o de preferencias, algunas funcionalidades del sitio web podr\u00edan dejar de funcionar correctamente.<\/p><p><strong>6. Cambios en la Pol\u00edtica de Cookies<\/strong><\/p><p>La Tremenda se reserva el derecho de modificar esta Pol\u00edtica de Cookies en cualquier momento, para adaptarla a nuevas normativas o cambios en nuestros servicios. Te informaremos de cualquier cambio mediante un aviso en la p\u00e1gina web o por correo electr\u00f3nico si es necesario.<\/p><p><strong>7. Contacto<\/strong><\/p><p>Si tienes cualquier pregunta o duda sobre nuestra Pol\u00edtica de Cookies, no dudes en contactarnos a trav\u00e9s de nuestros datos de contacto proporcionados en la p\u00e1gina de Contacto.<\/p><p>Fecha de actualizaci\u00f3n: Noviembre 2024<\/p>\t\t\t\t\t\t\t\t<\/div>\n\t\t\t\t<\/div>\n\t\t\t\t\t<\/div>\n\t\t\t\t<\/div>\n\t\t\t\t<\/div>","protected":false},"excerpt":{"rendered":"<p>POL\u00cdTICA DE COOKIES Pol\u00edtica de cookies A la Tremenda, respectem la teva privacitat i ens comprometem a protegir la teva informaci\u00f3 personal. Aquesta pol\u00edtica de cookies t\u00e9 com a objectiu explicar-te com utilitzem les cookies i altres tecnologies de seguiment a la nostra p\u00e0gina web, aix\u00ed com les teves opcions per gestionar-les. 1. Qu\u00e8 s\u00f3n [&hellip;]<\/p>\n","protected":false},"author":1,"featured_media":0,"parent":0,"menu_order":0,"comment_status":"closed","ping_status":"closed","template":"","meta":{"_acf_changed":false,"footnotes":""},"class_list":["post-2630","page","type-page","status-publish","hentry"],"acf":[],"_links":{"self":[{"href":"https:\/\/www.tremenda.cat\/es\/wp-json\/wp\/v2\/pages\/2630","targetHints":{"allow":["GET"]}}],"collection":[{"href":"https:\/\/www.tremenda.cat\/es\/wp-json\/wp\/v2\/pages"}],"about":[{"href":"https:\/\/www.tremenda.cat\/es\/wp-json\/wp\/v2\/types\/page"}],"author":[{"embeddable":true,"href":"https:\/\/www.tremenda.cat\/es\/wp-json\/wp\/v2\/users\/1"}],"replies":[{"embeddable":true,"href":"https:\/\/www.tremenda.cat\/es\/wp-json\/wp\/v2\/comments?post=2630"}],"version-history":[{"count":70,"href":"https:\/\/www.tremenda.cat\/es\/wp-json\/wp\/v2\/pages\/2630\/revisions"}],"predecessor-version":[{"id":4014,"href":"https:\/\/www.tremenda.cat\/es\/wp-json\/wp\/v2\/pages\/2630\/revisions\/4014"}],"wp:attachment":[{"href":"https:\/\/www.tremenda.cat\/es\/wp-json\/wp\/v2\/media?parent=2630"}],"curies":[{"name":"wp","href":"https:\/\/api.w.org\/{rel}","templated":true}]}}