{"id":95,"date":"2024-08-29T09:12:16","date_gmt":"2024-08-29T07:12:16","guid":{"rendered":"https:\/\/www.tremenda.cat\/?page_id=95"},"modified":"2025-01-09T13:40:13","modified_gmt":"2025-01-09T12:40:13","slug":"serveis","status":"publish","type":"page","link":"https:\/\/www.tremenda.cat\/es\/serveis\/","title":{"rendered":"Servicios"},"content":{"rendered":"<div data-elementor-type=\"wp-page\" data-elementor-id=\"95\" class=\"elementor elementor-95\" data-elementor-post-type=\"page\">\n\t\t\t\t<div class=\"elementor-element elementor-element-b3bed87 e-flex e-con-boxed e-con e-parent\" data-id=\"b3bed87\" data-element_type=\"container\" data-e-type=\"container\" data-settings=\"{&quot;background_background&quot;:&quot;classic&quot;}\">\n\t\t\t\t\t<div class=\"e-con-inner\">\n\t\t\t\t<div class=\"elementor-element elementor-element-f9e15c3 elementor-invisible elementor-widget elementor-widget-heading\" data-id=\"f9e15c3\" data-element_type=\"widget\" data-e-type=\"widget\" data-settings=\"{&quot;_animation&quot;:&quot;fadeInUp&quot;}\" data-widget_type=\"heading.default\">\n\t\t\t\t<div class=\"elementor-widget-container\">\n\t\t\t\t\t<h1 class=\"elementor-heading-title elementor-size-default\">Servicios<\/h1>\t\t\t\t<\/div>\n\t\t\t\t<\/div>\n\t\t\t\t<div class=\"elementor-element elementor-element-47e66d3 animated-slow elementor-invisible elementor-widget elementor-widget-n-accordion\" data-id=\"47e66d3\" data-element_type=\"widget\" data-e-type=\"widget\" data-settings=\"{&quot;max_items_expended&quot;:&quot;multiple&quot;,&quot;default_state&quot;:&quot;all_collapsed&quot;,&quot;_animation&quot;:&quot;fadeIn&quot;,&quot;n_accordion_animation_duration&quot;:{&quot;unit&quot;:&quot;ms&quot;,&quot;size&quot;:400,&quot;sizes&quot;:[]}}\" data-widget_type=\"nested-accordion.default\">\n\t\t\t\t<div class=\"elementor-widget-container\">\n\t\t\t\t\t\t\t<div class=\"e-n-accordion\" aria-label=\"Accordion. Open links with Enter or Space, close with Escape, and navigate with Arrow Keys\">\n\t\t\t\t\t\t<details id=\"e-n-accordion-item-7530\" class=\"e-n-accordion-item\" >\n\t\t\t\t<summary class=\"e-n-accordion-item-title\" data-accordion-index=\"1\" tabindex=\"0\" aria-expanded=\"false\" aria-controls=\"e-n-accordion-item-7530\" >\n\t\t\t\t\t<span class='e-n-accordion-item-title-header'><h2 class=\"e-n-accordion-item-title-text\"> Consultor\u00eda y estrategia de comunicaci\u00f3n <\/h2><\/span>\n\t\t\t\t\t\t\t<span class='e-n-accordion-item-title-icon'>\n\t\t\t<span class='e-opened' ><svg xmlns=\"http:\/\/www.w3.org\/2000\/svg\" id=\"b\" width=\"21.4\" height=\"21.4\" viewbox=\"0 0 21.4 21.4\"><g id=\"c\"><rect x=\"-3.58\" y=\"9.85\" width=\"28.56\" height=\"1.7\" transform=\"translate(-4.43 10.69) rotate(-44.98)\" style=\"fill:#fff;\"><\/rect><rect x=\"9.85\" y=\"-3.58\" width=\"1.7\" height=\"28.56\" transform=\"translate(-4.43 10.7) rotate(-45)\" style=\"fill:#fff;\"><\/rect><\/g><\/svg><\/span>\n\t\t\t<span class='e-closed'><svg xmlns=\"http:\/\/www.w3.org\/2000\/svg\" id=\"b\" width=\"28.56\" height=\"28.56\" viewbox=\"0 0 28.56 28.56\"><g id=\"c\"><rect x=\"13.43\" width=\"1.7\" height=\"28.56\"><\/rect><rect y=\"13.43\" width=\"28.56\" height=\"1.7\"><\/rect><\/g><\/svg><\/span>\n\t\t<\/span>\n\n\t\t\t\t\t\t<\/summary>\n\t\t\t\t<div role=\"region\" aria-labelledby=\"e-n-accordion-item-7530\" class=\"elementor-element elementor-element-cab816c e-con-full e-flex e-con e-child\" data-id=\"cab816c\" data-element_type=\"container\" data-e-type=\"container\">\n\t\t\t\t<div class=\"elementor-element elementor-element-3252e83 elementor-widget elementor-widget-text-editor\" data-id=\"3252e83\" data-element_type=\"widget\" data-e-type=\"widget\" data-widget_type=\"text-editor.default\">\n\t\t\t\t<div class=\"elementor-widget-container\">\n\t\t\t\t\t\t\t\t\t<p>Te ayudamos a visibilizar tu proyecto. Te escuchamos, investigamos, analizamos, establecemos los objetivos contigo, dise\u00f1amos y ejecutamos la mejor estrategia de comunicaci\u00f3n.<\/p>\t\t\t\t\t\t\t\t<\/div>\n\t\t\t\t<\/div>\n\t\t\t\t<\/div>\n\t\t\t\t\t<\/details>\n\t\t\t\t\t\t<details id=\"e-n-accordion-item-7531\" class=\"e-n-accordion-item\" >\n\t\t\t\t<summary class=\"e-n-accordion-item-title\" data-accordion-index=\"2\" tabindex=\"-1\" aria-expanded=\"false\" aria-controls=\"e-n-accordion-item-7531\" >\n\t\t\t\t\t<span class='e-n-accordion-item-title-header'><h2 class=\"e-n-accordion-item-title-text\"> Estrategia digital <\/h2><\/span>\n\t\t\t\t\t\t\t<span class='e-n-accordion-item-title-icon'>\n\t\t\t<span class='e-opened' ><svg xmlns=\"http:\/\/www.w3.org\/2000\/svg\" id=\"b\" width=\"21.4\" height=\"21.4\" viewbox=\"0 0 21.4 21.4\"><g id=\"c\"><rect x=\"-3.58\" y=\"9.85\" width=\"28.56\" height=\"1.7\" transform=\"translate(-4.43 10.69) rotate(-44.98)\" style=\"fill:#fff;\"><\/rect><rect x=\"9.85\" y=\"-3.58\" width=\"1.7\" height=\"28.56\" transform=\"translate(-4.43 10.7) rotate(-45)\" style=\"fill:#fff;\"><\/rect><\/g><\/svg><\/span>\n\t\t\t<span class='e-closed'><svg xmlns=\"http:\/\/www.w3.org\/2000\/svg\" id=\"b\" width=\"28.56\" height=\"28.56\" viewbox=\"0 0 28.56 28.56\"><g id=\"c\"><rect x=\"13.43\" width=\"1.7\" height=\"28.56\"><\/rect><rect y=\"13.43\" width=\"28.56\" height=\"1.7\"><\/rect><\/g><\/svg><\/span>\n\t\t<\/span>\n\n\t\t\t\t\t\t<\/summary>\n\t\t\t\t<div role=\"region\" aria-labelledby=\"e-n-accordion-item-7531\" class=\"elementor-element elementor-element-46c325f e-con-full e-flex e-con e-child\" data-id=\"46c325f\" data-element_type=\"container\" data-e-type=\"container\">\n\t\t\t\t<div class=\"elementor-element elementor-element-cf740df elementor-widget elementor-widget-text-editor\" data-id=\"cf740df\" data-element_type=\"widget\" data-e-type=\"widget\" data-widget_type=\"text-editor.default\">\n\t\t\t\t<div class=\"elementor-widget-container\">\n\t\t\t\t\t\t\t\t\t<p>Analizamos tu reputaci\u00f3n online y definimos y ejecutamos la estrategia digital que mejor se adapte a tu proyecto. Gestionamos redes sociales, newsletters, p\u00e1ginas web y publicidad digital.<\/p>\t\t\t\t\t\t\t\t<\/div>\n\t\t\t\t<\/div>\n\t\t\t\t<\/div>\n\t\t\t\t\t<\/details>\n\t\t\t\t\t\t<details id=\"e-n-accordion-item-7532\" class=\"e-n-accordion-item\" >\n\t\t\t\t<summary class=\"e-n-accordion-item-title\" data-accordion-index=\"3\" tabindex=\"-1\" aria-expanded=\"false\" aria-controls=\"e-n-accordion-item-7532\" >\n\t\t\t\t\t<span class='e-n-accordion-item-title-header'><h2 class=\"e-n-accordion-item-title-text\"> Gabinete de prensa <\/h2><\/span>\n\t\t\t\t\t\t\t<span class='e-n-accordion-item-title-icon'>\n\t\t\t<span class='e-opened' ><svg xmlns=\"http:\/\/www.w3.org\/2000\/svg\" id=\"b\" width=\"21.4\" height=\"21.4\" viewbox=\"0 0 21.4 21.4\"><g id=\"c\"><rect x=\"-3.58\" y=\"9.85\" width=\"28.56\" height=\"1.7\" transform=\"translate(-4.43 10.69) rotate(-44.98)\" style=\"fill:#fff;\"><\/rect><rect x=\"9.85\" y=\"-3.58\" width=\"1.7\" height=\"28.56\" transform=\"translate(-4.43 10.7) rotate(-45)\" style=\"fill:#fff;\"><\/rect><\/g><\/svg><\/span>\n\t\t\t<span class='e-closed'><svg xmlns=\"http:\/\/www.w3.org\/2000\/svg\" id=\"b\" width=\"28.56\" height=\"28.56\" viewbox=\"0 0 28.56 28.56\"><g id=\"c\"><rect x=\"13.43\" width=\"1.7\" height=\"28.56\"><\/rect><rect y=\"13.43\" width=\"28.56\" height=\"1.7\"><\/rect><\/g><\/svg><\/span>\n\t\t<\/span>\n\n\t\t\t\t\t\t<\/summary>\n\t\t\t\t<div role=\"region\" aria-labelledby=\"e-n-accordion-item-7532\" class=\"elementor-element elementor-element-62b64d0 e-con-full e-flex e-con e-child\" data-id=\"62b64d0\" data-element_type=\"container\" data-e-type=\"container\">\n\t\t\t\t<div class=\"elementor-element elementor-element-befb6de elementor-widget elementor-widget-text-editor\" data-id=\"befb6de\" data-element_type=\"widget\" data-e-type=\"widget\" data-widget_type=\"text-editor.default\">\n\t\t\t\t<div class=\"elementor-widget-container\">\n\t\t\t\t\t\t\t\t\t<p>Nos encargamos de la difusi\u00f3n en los medios de tu proyecto. Creamos la estrategia de prensa y dise\u00f1amos el plan de medios. Mantenemos una relaci\u00f3n habitual con la prensa del pa\u00eds y tenemos una base de datos en constante actualizaci\u00f3n que nos permite identificar de forma \u00e1gil las oportunidades de cada proyecto de aparecer en los medios.<\/p>\t\t\t\t\t\t\t\t<\/div>\n\t\t\t\t<\/div>\n\t\t\t\t<\/div>\n\t\t\t\t\t<\/details>\n\t\t\t\t\t\t<details id=\"e-n-accordion-item-7533\" class=\"e-n-accordion-item\" >\n\t\t\t\t<summary class=\"e-n-accordion-item-title\" data-accordion-index=\"4\" tabindex=\"-1\" aria-expanded=\"false\" aria-controls=\"e-n-accordion-item-7533\" >\n\t\t\t\t\t<span class='e-n-accordion-item-title-header'><h2 class=\"e-n-accordion-item-title-text\"> Creaci\u00f3n de contenido <\/h2><\/span>\n\t\t\t\t\t\t\t<span class='e-n-accordion-item-title-icon'>\n\t\t\t<span class='e-opened' ><svg xmlns=\"http:\/\/www.w3.org\/2000\/svg\" id=\"b\" width=\"21.4\" height=\"21.4\" viewbox=\"0 0 21.4 21.4\"><g id=\"c\"><rect x=\"-3.58\" y=\"9.85\" width=\"28.56\" height=\"1.7\" transform=\"translate(-4.43 10.69) rotate(-44.98)\" style=\"fill:#fff;\"><\/rect><rect x=\"9.85\" y=\"-3.58\" width=\"1.7\" height=\"28.56\" transform=\"translate(-4.43 10.7) rotate(-45)\" style=\"fill:#fff;\"><\/rect><\/g><\/svg><\/span>\n\t\t\t<span class='e-closed'><svg xmlns=\"http:\/\/www.w3.org\/2000\/svg\" id=\"b\" width=\"28.56\" height=\"28.56\" viewbox=\"0 0 28.56 28.56\"><g id=\"c\"><rect x=\"13.43\" width=\"1.7\" height=\"28.56\"><\/rect><rect y=\"13.43\" width=\"28.56\" height=\"1.7\"><\/rect><\/g><\/svg><\/span>\n\t\t<\/span>\n\n\t\t\t\t\t\t<\/summary>\n\t\t\t\t<div role=\"region\" aria-labelledby=\"e-n-accordion-item-7533\" class=\"elementor-element elementor-element-03725ca e-con-full e-flex e-con e-child\" data-id=\"03725ca\" data-element_type=\"container\" data-e-type=\"container\">\n\t\t\t\t<div class=\"elementor-element elementor-element-3b1c64c elementor-widget elementor-widget-text-editor\" data-id=\"3b1c64c\" data-element_type=\"widget\" data-e-type=\"widget\" data-widget_type=\"text-editor.default\">\n\t\t\t\t<div class=\"elementor-widget-container\">\n\t\t\t\t\t\t\t\t\t<p>Cada plataforma requiere un contenido concreto. Unimos las palabras a los soportes visuales para adaptarlos a cada canal. Elaboramos mensajes para cualquier canal comunicativo.<\/p>\t\t\t\t\t\t\t\t<\/div>\n\t\t\t\t<\/div>\n\t\t\t\t<\/div>\n\t\t\t\t\t<\/details>\n\t\t\t\t\t\t<details id=\"e-n-accordion-item-7534\" class=\"e-n-accordion-item\" >\n\t\t\t\t<summary class=\"e-n-accordion-item-title\" data-accordion-index=\"5\" tabindex=\"-1\" aria-expanded=\"false\" aria-controls=\"e-n-accordion-item-7534\" >\n\t\t\t\t\t<span class='e-n-accordion-item-title-header'><h2 class=\"e-n-accordion-item-title-text\"> Marqueting y branded content <\/h2><\/span>\n\t\t\t\t\t\t\t<span class='e-n-accordion-item-title-icon'>\n\t\t\t<span class='e-opened' ><svg xmlns=\"http:\/\/www.w3.org\/2000\/svg\" id=\"b\" width=\"21.4\" height=\"21.4\" viewbox=\"0 0 21.4 21.4\"><g id=\"c\"><rect x=\"-3.58\" y=\"9.85\" width=\"28.56\" height=\"1.7\" transform=\"translate(-4.43 10.69) rotate(-44.98)\" style=\"fill:#fff;\"><\/rect><rect x=\"9.85\" y=\"-3.58\" width=\"1.7\" height=\"28.56\" transform=\"translate(-4.43 10.7) rotate(-45)\" style=\"fill:#fff;\"><\/rect><\/g><\/svg><\/span>\n\t\t\t<span class='e-closed'><svg xmlns=\"http:\/\/www.w3.org\/2000\/svg\" id=\"b\" width=\"28.56\" height=\"28.56\" viewbox=\"0 0 28.56 28.56\"><g id=\"c\"><rect x=\"13.43\" width=\"1.7\" height=\"28.56\"><\/rect><rect y=\"13.43\" width=\"28.56\" height=\"1.7\"><\/rect><\/g><\/svg><\/span>\n\t\t<\/span>\n\n\t\t\t\t\t\t<\/summary>\n\t\t\t\t<div role=\"region\" aria-labelledby=\"e-n-accordion-item-7534\" class=\"elementor-element elementor-element-676d359 e-con-full e-flex e-con e-child\" data-id=\"676d359\" data-element_type=\"container\" data-e-type=\"container\">\n\t\t\t\t<div class=\"elementor-element elementor-element-644ce07 elementor-widget elementor-widget-text-editor\" data-id=\"644ce07\" data-element_type=\"widget\" data-e-type=\"widget\" data-widget_type=\"text-editor.default\">\n\t\t\t\t<div class=\"elementor-widget-container\">\n\t\t\t\t\t\t\t\t\t<p>Analizamos tu producto y dise\u00f1amos la estrategia de marketing id\u00f3nea para conseguir tus objetivos. Dise\u00f1amos y ejecutamos acuerdos, convenios, colaboraciones y trabajamos branded content para publicidad.<\/p>\t\t\t\t\t\t\t\t<\/div>\n\t\t\t\t<\/div>\n\t\t\t\t<\/div>\n\t\t\t\t\t<\/details>\n\t\t\t\t\t\t<details id=\"e-n-accordion-item-7535\" class=\"e-n-accordion-item\" >\n\t\t\t\t<summary class=\"e-n-accordion-item-title\" data-accordion-index=\"6\" tabindex=\"-1\" aria-expanded=\"false\" aria-controls=\"e-n-accordion-item-7535\" >\n\t\t\t\t\t<span class='e-n-accordion-item-title-header'><h2 class=\"e-n-accordion-item-title-text\"> Creatividad publicitaria <\/h2><\/span>\n\t\t\t\t\t\t\t<span class='e-n-accordion-item-title-icon'>\n\t\t\t<span class='e-opened' ><svg xmlns=\"http:\/\/www.w3.org\/2000\/svg\" id=\"b\" width=\"21.4\" height=\"21.4\" viewbox=\"0 0 21.4 21.4\"><g id=\"c\"><rect x=\"-3.58\" y=\"9.85\" width=\"28.56\" height=\"1.7\" transform=\"translate(-4.43 10.69) rotate(-44.98)\" style=\"fill:#fff;\"><\/rect><rect x=\"9.85\" y=\"-3.58\" width=\"1.7\" height=\"28.56\" transform=\"translate(-4.43 10.7) rotate(-45)\" style=\"fill:#fff;\"><\/rect><\/g><\/svg><\/span>\n\t\t\t<span class='e-closed'><svg xmlns=\"http:\/\/www.w3.org\/2000\/svg\" id=\"b\" width=\"28.56\" height=\"28.56\" viewbox=\"0 0 28.56 28.56\"><g id=\"c\"><rect x=\"13.43\" width=\"1.7\" height=\"28.56\"><\/rect><rect y=\"13.43\" width=\"28.56\" height=\"1.7\"><\/rect><\/g><\/svg><\/span>\n\t\t<\/span>\n\n\t\t\t\t\t\t<\/summary>\n\t\t\t\t<div role=\"region\" aria-labelledby=\"e-n-accordion-item-7535\" class=\"elementor-element elementor-element-30bef12 e-con-full e-flex e-con e-child\" data-id=\"30bef12\" data-element_type=\"container\" data-e-type=\"container\">\n\t\t\t\t<div class=\"elementor-element elementor-element-49cefc3 elementor-widget elementor-widget-text-editor\" data-id=\"49cefc3\" data-element_type=\"widget\" data-e-type=\"widget\" data-widget_type=\"text-editor.default\">\n\t\t\t\t<div class=\"elementor-widget-container\">\n\t\t\t\t\t\t\t\t\t<p>Una campa\u00f1a publicitaria con una imagen adecuada y bien planificada puede ser la mejor aliada para visibilizar un proyecto. Nos ocupamos de todo el proceso: definici\u00f3n de la estrategia y objetivos, elaboraci\u00f3n del concepto creativo y creaci\u00f3n de las aplicaciones necesarias -campa\u00f1a gr\u00e1fica, p\u00e1gina web, v\u00eddeo, animaci\u00f3n, podcasts, cu\u00f1as de radio, etc-.<\/p>\t\t\t\t\t\t\t\t<\/div>\n\t\t\t\t<\/div>\n\t\t\t\t<\/div>\n\t\t\t\t\t<\/details>\n\t\t\t\t\t\t<details id=\"e-n-accordion-item-7536\" class=\"e-n-accordion-item\" >\n\t\t\t\t<summary class=\"e-n-accordion-item-title\" data-accordion-index=\"7\" tabindex=\"-1\" aria-expanded=\"false\" aria-controls=\"e-n-accordion-item-7536\" >\n\t\t\t\t\t<span class='e-n-accordion-item-title-header'><h2 class=\"e-n-accordion-item-title-text\"> Protocolo y eventos <\/h2><\/span>\n\t\t\t\t\t\t\t<span class='e-n-accordion-item-title-icon'>\n\t\t\t<span class='e-opened' ><svg xmlns=\"http:\/\/www.w3.org\/2000\/svg\" id=\"b\" width=\"21.4\" height=\"21.4\" viewbox=\"0 0 21.4 21.4\"><g id=\"c\"><rect x=\"-3.58\" y=\"9.85\" width=\"28.56\" height=\"1.7\" transform=\"translate(-4.43 10.69) rotate(-44.98)\" style=\"fill:#fff;\"><\/rect><rect x=\"9.85\" y=\"-3.58\" width=\"1.7\" height=\"28.56\" transform=\"translate(-4.43 10.7) rotate(-45)\" style=\"fill:#fff;\"><\/rect><\/g><\/svg><\/span>\n\t\t\t<span class='e-closed'><svg xmlns=\"http:\/\/www.w3.org\/2000\/svg\" id=\"b\" width=\"28.56\" height=\"28.56\" viewbox=\"0 0 28.56 28.56\"><g id=\"c\"><rect x=\"13.43\" width=\"1.7\" height=\"28.56\"><\/rect><rect y=\"13.43\" width=\"28.56\" height=\"1.7\"><\/rect><\/g><\/svg><\/span>\n\t\t<\/span>\n\n\t\t\t\t\t\t<\/summary>\n\t\t\t\t<div role=\"region\" aria-labelledby=\"e-n-accordion-item-7536\" class=\"elementor-element elementor-element-8a249cf e-con-full e-flex e-con e-child\" data-id=\"8a249cf\" data-element_type=\"container\" data-e-type=\"container\">\n\t\t\t\t<div class=\"elementor-element elementor-element-c0b9743 elementor-widget elementor-widget-text-editor\" data-id=\"c0b9743\" data-element_type=\"widget\" data-e-type=\"widget\" data-widget_type=\"text-editor.default\">\n\t\t\t\t<div class=\"elementor-widget-container\">\n\t\t\t\t\t\t\t\t\t<p>No te preocupes por nada. Planificamos tu acto, nos ocupamos de la producci\u00f3n, dise\u00f1amos la estrategia comunicativa y la ejecutamos, nos encargamos de la gesti\u00f3n de invitaciones, autoridades y todo lo relacionado con protocolo, atenci\u00f3n a medios e invitados.<\/p>\t\t\t\t\t\t\t\t<\/div>\n\t\t\t\t<\/div>\n\t\t\t\t<\/div>\n\t\t\t\t\t<\/details>\n\t\t\t\t\t\t<details id=\"e-n-accordion-item-7537\" class=\"e-n-accordion-item\" >\n\t\t\t\t<summary class=\"e-n-accordion-item-title\" data-accordion-index=\"8\" tabindex=\"-1\" aria-expanded=\"false\" aria-controls=\"e-n-accordion-item-7537\" >\n\t\t\t\t\t<span class='e-n-accordion-item-title-header'><h2 class=\"e-n-accordion-item-title-text\"> Imagen gr\u00e1fica y web <\/h2><\/span>\n\t\t\t\t\t\t\t<span class='e-n-accordion-item-title-icon'>\n\t\t\t<span class='e-opened' ><svg xmlns=\"http:\/\/www.w3.org\/2000\/svg\" id=\"b\" width=\"21.4\" height=\"21.4\" viewbox=\"0 0 21.4 21.4\"><g id=\"c\"><rect x=\"-3.58\" y=\"9.85\" width=\"28.56\" height=\"1.7\" transform=\"translate(-4.43 10.69) rotate(-44.98)\" style=\"fill:#fff;\"><\/rect><rect x=\"9.85\" y=\"-3.58\" width=\"1.7\" height=\"28.56\" transform=\"translate(-4.43 10.7) rotate(-45)\" style=\"fill:#fff;\"><\/rect><\/g><\/svg><\/span>\n\t\t\t<span class='e-closed'><svg xmlns=\"http:\/\/www.w3.org\/2000\/svg\" id=\"b\" width=\"28.56\" height=\"28.56\" viewbox=\"0 0 28.56 28.56\"><g id=\"c\"><rect x=\"13.43\" width=\"1.7\" height=\"28.56\"><\/rect><rect y=\"13.43\" width=\"28.56\" height=\"1.7\"><\/rect><\/g><\/svg><\/span>\n\t\t<\/span>\n\n\t\t\t\t\t\t<\/summary>\n\t\t\t\t<div role=\"region\" aria-labelledby=\"e-n-accordion-item-7537\" class=\"elementor-element elementor-element-050f580 e-con-full e-flex e-con e-child\" data-id=\"050f580\" data-element_type=\"container\" data-e-type=\"container\">\n\t\t\t\t<div class=\"elementor-element elementor-element-9e7959d elementor-widget elementor-widget-text-editor\" data-id=\"9e7959d\" data-element_type=\"widget\" data-e-type=\"widget\" data-widget_type=\"text-editor.default\">\n\t\t\t\t<div class=\"elementor-widget-container\">\n\t\t\t\t\t\t\t\t\t<p>Te escuchamos, identificamos tus necesidades y nos encargamos de la concepci\u00f3n, creaci\u00f3n, dise\u00f1o y programaci\u00f3n de tu p\u00e1gina web.<\/p>\t\t\t\t\t\t\t\t<\/div>\n\t\t\t\t<\/div>\n\t\t\t\t<\/div>\n\t\t\t\t\t<\/details>\n\t\t\t\t\t\t<details id=\"e-n-accordion-item-7538\" class=\"e-n-accordion-item\" >\n\t\t\t\t<summary class=\"e-n-accordion-item-title\" data-accordion-index=\"9\" tabindex=\"-1\" aria-expanded=\"false\" aria-controls=\"e-n-accordion-item-7538\" >\n\t\t\t\t\t<span class='e-n-accordion-item-title-header'><h2 class=\"e-n-accordion-item-title-text\"> Fotograf\u00eda y v\u00eddeo <\/h2><\/span>\n\t\t\t\t\t\t\t<span class='e-n-accordion-item-title-icon'>\n\t\t\t<span class='e-opened' ><svg xmlns=\"http:\/\/www.w3.org\/2000\/svg\" id=\"b\" width=\"21.4\" height=\"21.4\" viewbox=\"0 0 21.4 21.4\"><g id=\"c\"><rect x=\"-3.58\" y=\"9.85\" width=\"28.56\" height=\"1.7\" transform=\"translate(-4.43 10.69) rotate(-44.98)\" style=\"fill:#fff;\"><\/rect><rect x=\"9.85\" y=\"-3.58\" width=\"1.7\" height=\"28.56\" transform=\"translate(-4.43 10.7) rotate(-45)\" style=\"fill:#fff;\"><\/rect><\/g><\/svg><\/span>\n\t\t\t<span class='e-closed'><svg xmlns=\"http:\/\/www.w3.org\/2000\/svg\" id=\"b\" width=\"28.56\" height=\"28.56\" viewbox=\"0 0 28.56 28.56\"><g id=\"c\"><rect x=\"13.43\" width=\"1.7\" height=\"28.56\"><\/rect><rect y=\"13.43\" width=\"28.56\" height=\"1.7\"><\/rect><\/g><\/svg><\/span>\n\t\t<\/span>\n\n\t\t\t\t\t\t<\/summary>\n\t\t\t\t<div role=\"region\" aria-labelledby=\"e-n-accordion-item-7538\" class=\"elementor-element elementor-element-b44ff97 e-con-full e-flex e-con e-child\" data-id=\"b44ff97\" data-element_type=\"container\" data-e-type=\"container\">\n\t\t\t\t<div class=\"elementor-element elementor-element-bd91c36 elementor-widget elementor-widget-text-editor\" data-id=\"bd91c36\" data-element_type=\"widget\" data-e-type=\"widget\" data-widget_type=\"text-editor.default\">\n\t\t\t\t<div class=\"elementor-widget-container\">\n\t\t\t\t\t\t\t\t\t<p>Ens encarreguem de conceptualitzar i executar tota mena de material gr\u00e0fic i audiovisual en el format idoni per complir amb les teves necessitats.<\/p>\t\t\t\t\t\t\t\t<\/div>\n\t\t\t\t<\/div>\n\t\t\t\t<\/div>\n\t\t\t\t\t<\/details>\n\t\t\t\t\t\t<details id=\"e-n-accordion-item-7539\" class=\"e-n-accordion-item\" >\n\t\t\t\t<summary class=\"e-n-accordion-item-title\" data-accordion-index=\"10\" tabindex=\"-1\" aria-expanded=\"false\" aria-controls=\"e-n-accordion-item-7539\" >\n\t\t\t\t\t<span class='e-n-accordion-item-title-header'><h2 class=\"e-n-accordion-item-title-text\"> Formaciones <\/h2><\/span>\n\t\t\t\t\t\t\t<span class='e-n-accordion-item-title-icon'>\n\t\t\t<span class='e-opened' ><svg xmlns=\"http:\/\/www.w3.org\/2000\/svg\" id=\"b\" width=\"21.4\" height=\"21.4\" viewbox=\"0 0 21.4 21.4\"><g id=\"c\"><rect x=\"-3.58\" y=\"9.85\" width=\"28.56\" height=\"1.7\" transform=\"translate(-4.43 10.69) rotate(-44.98)\" style=\"fill:#fff;\"><\/rect><rect x=\"9.85\" y=\"-3.58\" width=\"1.7\" height=\"28.56\" transform=\"translate(-4.43 10.7) rotate(-45)\" style=\"fill:#fff;\"><\/rect><\/g><\/svg><\/span>\n\t\t\t<span class='e-closed'><svg xmlns=\"http:\/\/www.w3.org\/2000\/svg\" id=\"b\" width=\"28.56\" height=\"28.56\" viewbox=\"0 0 28.56 28.56\"><g id=\"c\"><rect x=\"13.43\" width=\"1.7\" height=\"28.56\"><\/rect><rect y=\"13.43\" width=\"28.56\" height=\"1.7\"><\/rect><\/g><\/svg><\/span>\n\t\t<\/span>\n\n\t\t\t\t\t\t<\/summary>\n\t\t\t\t<div role=\"region\" aria-labelledby=\"e-n-accordion-item-7539\" class=\"elementor-element elementor-element-bc5b155 e-con-full e-flex e-con e-child\" data-id=\"bc5b155\" data-element_type=\"container\" data-e-type=\"container\">\n\t\t\t\t<div class=\"elementor-element elementor-element-b1a8df5 elementor-widget elementor-widget-text-editor\" data-id=\"b1a8df5\" data-element_type=\"widget\" data-e-type=\"widget\" data-widget_type=\"text-editor.default\">\n\t\t\t\t<div class=\"elementor-widget-container\">\n\t\t\t\t\t\t\t\t\t<p>Ofrecemos formaciones a medida: estrategia digital, campa\u00f1a de prensa, identidad corporativa, nos adaptamos al contenido y formato que necesites.<\/p>\t\t\t\t\t\t\t\t<\/div>\n\t\t\t\t<\/div>\n\t\t\t\t<\/div>\n\t\t\t\t\t<\/details>\n\t\t\t\t\t<\/div>\n\t\t\t\t\t\t<\/div>\n\t\t\t\t<\/div>\n\t\t\t\t\t<\/div>\n\t\t\t\t<\/div>\n\t\t\t\t<\/div>","protected":false},"excerpt":{"rendered":"<p>Serveis Consultoria i estrat\u00e8gia de comunicaci\u00f3 T\u2019ajudem a visibilitzar el teu projecte. T\u2019escoltem, investiguem, analitzem, establim els objectius amb tu, dissenyem i executem la millor estrat\u00e8gia de comunicaci\u00f3. Estrat\u00e8gia digital Analitzem la teva reputaci\u00f3 en l\u00ednia i definim i executem l\u2019estrat\u00e8gia digital que millor s\u2019adapti al teu projecte. Gestionem xarxes socials, butlletins, p\u00e0gines web i [&hellip;]<\/p>\n","protected":false},"author":1,"featured_media":0,"parent":0,"menu_order":0,"comment_status":"closed","ping_status":"closed","template":"elementor_header_footer","meta":{"_acf_changed":false,"footnotes":""},"class_list":["post-95","page","type-page","status-publish","hentry"],"acf":[],"_links":{"self":[{"href":"https:\/\/www.tremenda.cat\/es\/wp-json\/wp\/v2\/pages\/95","targetHints":{"allow":["GET"]}}],"collection":[{"href":"https:\/\/www.tremenda.cat\/es\/wp-json\/wp\/v2\/pages"}],"about":[{"href":"https:\/\/www.tremenda.cat\/es\/wp-json\/wp\/v2\/types\/page"}],"author":[{"embeddable":true,"href":"https:\/\/www.tremenda.cat\/es\/wp-json\/wp\/v2\/users\/1"}],"replies":[{"embeddable":true,"href":"https:\/\/www.tremenda.cat\/es\/wp-json\/wp\/v2\/comments?post=95"}],"version-history":[{"count":6,"href":"https:\/\/www.tremenda.cat\/es\/wp-json\/wp\/v2\/pages\/95\/revisions"}],"predecessor-version":[{"id":3891,"href":"https:\/\/www.tremenda.cat\/es\/wp-json\/wp\/v2\/pages\/95\/revisions\/3891"}],"wp:attachment":[{"href":"https:\/\/www.tremenda.cat\/es\/wp-json\/wp\/v2\/media?parent=95"}],"curies":[{"name":"wp","href":"https:\/\/api.w.org\/{rel}","templated":true}]}}